{"id":1406,"date":"2025-05-07T10:20:34","date_gmt":"2025-05-07T16:20:34","guid":{"rendered":"https:\/\/inclusion.campeche.gob.mx\/?page_id=1406"},"modified":"2025-06-12T15:17:20","modified_gmt":"2025-06-12T21:17:20","slug":"reinsercion-social-y-personas-en-situacion-de-calle","status":"publish","type":"page","link":"https:\/\/inclusion.campeche.gob.mx\/?page_id=1406","title":{"rendered":"Reinserci\u00f3n social y personas en situaci\u00f3n de calle"},"content":{"rendered":"<p>[et_pb_section fb_built=\u00bb1&#8243; _builder_version=\u00bb4.27.4&#8243; _module_preset=\u00bbdefault\u00bb custom_padding=\u00bb0px||0px||true|false\u00bb global_colors_info=\u00bb{}\u00bb][et_pb_row _builder_version=\u00bb4.27.4&#8243; _module_preset=\u00bbdefault\u00bb global_colors_info=\u00bb{}\u00bb][et_pb_column type=\u00bb4_4&#8243; _builder_version=\u00bb4.27.4&#8243; _module_preset=\u00bbdefault\u00bb global_colors_info=\u00bb{}\u00bb][et_pb_text _builder_version=\u00bb4.27.4&#8243; _module_preset=\u00bbdefault\u00bb text_text_color=\u00bb#691C32&#8243; header_text_align=\u00bbcenter\u00bb header_text_color=\u00bb#691C32&#8243; header_font_size=\u00bb35px\u00bb global_colors_info=\u00bb{}\u00bb]<\/p>\n<h1>Reinserci\u00f3n social y personas en situaci\u00f3n de calle<\/h1>\n<p>[\/et_pb_text][et_pb_divider _builder_version=\u00bb4.27.4&#8243; _module_preset=\u00bbdefault\u00bb global_colors_info=\u00bb{}\u00bb][\/et_pb_divider][et_pb_text _builder_version=\u00bb4.27.4&#8243; _module_preset=\u00bbdefault\u00bb text_text_color=\u00bb#10312B\u00bb text_font_size=\u00bb18px\u00bb text_orientation=\u00bbjustified\u00bb global_colors_info=\u00bb{}\u00bb]<\/p>\n<p style=\"text-align: justify;\"><span>Promocionamos la producci\u00f3n penitenciaria, creamos oportunidades de capacitaci\u00f3n para el trabajo a mujeres y hombres privados de su libertad, promovemos la reinserci\u00f3n social mediante la vinculaci\u00f3n laboral y el apoyo a las iniciativas de autoempleo.<\/span><\/p>\n<p>[\/et_pb_text][\/et_pb_column][\/et_pb_row][\/et_pb_section][et_pb_section fb_built=\u00bb1&#8243; _builder_version=\u00bb4.27.4&#8243; _module_preset=\u00bbdefault\u00bb custom_margin=\u00bb0px||0px||true|false\u00bb custom_padding=\u00bb0px||||false|false\u00bb global_colors_info=\u00bb{}\u00bb][et_pb_row _builder_version=\u00bb4.27.4&#8243; _module_preset=\u00bbdefault\u00bb global_colors_info=\u00bb{}\u00bb][et_pb_column type=\u00bb4_4&#8243; _builder_version=\u00bb4.27.4&#8243; _module_preset=\u00bbdefault\u00bb global_colors_info=\u00bb{}\u00bb][wdcl_image_carousel nav_pagi=\u00bbpagi\u00bb slide_count=\u00bb1&#8243; slide_spacing=\u00bb0px\u00bb arrow_color=\u00bb#691C32&#8243; arrow_border_color=\u00bb#691C32&#8243; pagi_color=\u00bb#9F2241&#8243; pagi_color_active=\u00bb#691C32&#8243; _builder_version=\u00bb4.27.4&#8243; _module_preset=\u00bbdefault\u00bb animation_style=\u00bbfade\u00bb hover_enabled=\u00bb0&#8243; global_colors_info=\u00bb{}\u00bb sticky_enabled=\u00bb0&#8243;][wdcl_image_carousel_child photo=\u00bbhttps:\/\/inclusion.campeche.gob.mx\/wp-content\/uploads\/2025\/05\/IMG_7241-scaled.jpg\u00bb _builder_version=\u00bb4.27.4&#8243; _module_preset=\u00bbdefault\u00bb global_colors_info=\u00bb{}\u00bb][\/wdcl_image_carousel_child][wdcl_image_carousel_child photo=\u00bbhttps:\/\/inclusion.campeche.gob.mx\/wp-content\/uploads\/2025\/05\/IMG_7357-scaled.jpg\u00bb _builder_version=\u00bb4.27.4&#8243; _module_preset=\u00bbdefault\u00bb global_colors_info=\u00bb{}\u00bb][\/wdcl_image_carousel_child][wdcl_image_carousel_child photo=\u00bbhttps:\/\/inclusion.campeche.gob.mx\/wp-content\/uploads\/2025\/05\/DSC_2393.png\u00bb _builder_version=\u00bb4.27.4&#8243; _module_preset=\u00bbdefault\u00bb global_colors_info=\u00bb{}\u00bb][\/wdcl_image_carousel_child][wdcl_image_carousel_child photo=\u00bbhttps:\/\/inclusion.campeche.gob.mx\/wp-content\/uploads\/2025\/05\/photo_5127534496193817922_y.jpg\u00bb _builder_version=\u00bb4.27.4&#8243; _module_preset=\u00bbdefault\u00bb global_colors_info=\u00bb{}\u00bb][\/wdcl_image_carousel_child][wdcl_image_carousel_child photo=\u00bbhttps:\/\/inclusion.campeche.gob.mx\/wp-content\/uploads\/2025\/05\/photo_5127729741112126678_y.jpg\u00bb _builder_version=\u00bb4.27.4&#8243; _module_preset=\u00bbdefault\u00bb global_colors_info=\u00bb{}\u00bb][\/wdcl_image_carousel_child][wdcl_image_carousel_child photo=\u00bbhttps:\/\/inclusion.campeche.gob.mx\/wp-content\/uploads\/2025\/05\/photo_5127729741112126681_y.jpg\u00bb _builder_version=\u00bb4.27.4&#8243; _module_preset=\u00bbdefault\u00bb global_colors_info=\u00bb{}\u00bb][\/wdcl_image_carousel_child][\/wdcl_image_carousel][\/et_pb_column][\/et_pb_row][\/et_pb_section]<\/p>\n","protected":false},"excerpt":{"rendered":"<p>Reinserci\u00f3n social y personas en situaci\u00f3n de callePromocionamos la producci\u00f3n penitenciaria, creamos oportunidades de capacitaci\u00f3n para el trabajo a mujeres y hombres privados de su libertad, promovemos la reinserci\u00f3n social [&hellip;]<\/p>\n","protected":false},"author":3,"featured_media":0,"parent":0,"menu_order":0,"comment_status":"closed","ping_status":"closed","template":"","meta":{"_acf_changed":false,"_et_pb_use_builder":"on","_et_pb_old_content":"","_et_gb_content_width":"","inline_featured_image":false,"footnotes":""},"class_list":["post-1406","page","type-page","status-publish","hentry"],"acf":[],"_links":{"self":[{"href":"https:\/\/inclusion.campeche.gob.mx\/index.php?rest_route=\/wp\/v2\/pages\/1406","targetHints":{"allow":["GET"]}}],"collection":[{"href":"https:\/\/inclusion.campeche.gob.mx\/index.php?rest_route=\/wp\/v2\/pages"}],"about":[{"href":"https:\/\/inclusion.campeche.gob.mx\/index.php?rest_route=\/wp\/v2\/types\/page"}],"author":[{"embeddable":true,"href":"https:\/\/inclusion.campeche.gob.mx\/index.php?rest_route=\/wp\/v2\/users\/3"}],"replies":[{"embeddable":true,"href":"https:\/\/inclusion.campeche.gob.mx\/index.php?rest_route=%2Fwp%2Fv2%2Fcomments&post=1406"}],"version-history":[{"count":6,"href":"https:\/\/inclusion.campeche.gob.mx\/index.php?rest_route=\/wp\/v2\/pages\/1406\/revisions"}],"predecessor-version":[{"id":1804,"href":"https:\/\/inclusion.campeche.gob.mx\/index.php?rest_route=\/wp\/v2\/pages\/1406\/revisions\/1804"}],"wp:attachment":[{"href":"https:\/\/inclusion.campeche.gob.mx\/index.php?rest_route=%2Fwp%2Fv2%2Fmedia&parent=1406"}],"curies":[{"name":"wp","href":"https:\/\/api.w.org\/{rel}","templated":true}]}}