{"id":1392,"date":"2025-05-07T10:03:29","date_gmt":"2025-05-07T16:03:29","guid":{"rendered":"https:\/\/inclusion.campeche.gob.mx\/?page_id=1392"},"modified":"2025-06-12T15:40:12","modified_gmt":"2025-06-12T21:40:12","slug":"atencion-al-pubico","status":"publish","type":"page","link":"https:\/\/inclusion.campeche.gob.mx\/?page_id=1392","title":{"rendered":"Atenci\u00f3n al p\u00fabico"},"content":{"rendered":"<p>[et_pb_section fb_built=\u00bb1&#8243; _builder_version=\u00bb4.27.4&#8243; _module_preset=\u00bbdefault\u00bb custom_padding=\u00bb0px||0px||true|false\u00bb global_colors_info=\u00bb{}\u00bb][et_pb_row _builder_version=\u00bb4.27.4&#8243; _module_preset=\u00bbdefault\u00bb global_colors_info=\u00bb{}\u00bb][et_pb_column type=\u00bb4_4&#8243; _builder_version=\u00bb4.27.4&#8243; _module_preset=\u00bbdefault\u00bb global_colors_info=\u00bb{}\u00bb][et_pb_text _builder_version=\u00bb4.27.4&#8243; _module_preset=\u00bbdefault\u00bb text_text_color=\u00bb#691C32&#8243; header_text_align=\u00bbcenter\u00bb header_text_color=\u00bb#691C32&#8243; header_font_size=\u00bb35px\u00bb global_colors_info=\u00bb{}\u00bb]<\/p>\n<h1>Atenci\u00f3n al P\u00fablico<\/h1>\n<p>[\/et_pb_text][et_pb_divider _builder_version=\u00bb4.27.4&#8243; _module_preset=\u00bbdefault\u00bb global_colors_info=\u00bb{}\u00bb][\/et_pb_divider][et_pb_text _builder_version=\u00bb4.27.4&#8243; _module_preset=\u00bbdefault\u00bb text_text_color=\u00bb#10312B\u00bb text_font_size=\u00bb18px\u00bb text_orientation=\u00bbjustified\u00bb hover_enabled=\u00bb0&#8243; global_colors_info=\u00bb{}\u00bb sticky_enabled=\u00bb0&#8243;]<\/p>\n<p style=\"text-align: justify;\">Brindamos acompa\u00f1amiento a las personas de nuestras poblaciones de atenci\u00f3n para la realizaci\u00f3n de tr\u00e1mites ante otras instituciones, asesor\u00eda jur\u00eddica, acompa\u00f1amiento psicol\u00f3gico y canalizaci\u00f3n de solicitudes.<\/p>\n<p style=\"text-align: justify;\"><span>Atendemos y damos respuesta a las solicitudes de las personas en Situaci\u00f3n de Vulnerabilidad (personas con discapacidad, personas en situaci\u00f3n de calle, personas en reinserci\u00f3n social, comunidad LGBTTTQI+, poblaci\u00f3n ind\u00edgena, los pueblos originarios, las comunidades afro mexicanas y cualquier otro sector que se consideran vulnerables), a trav\u00e9s de los diferentes canales de servicio, a efecto de brindar informaci\u00f3n, acompa\u00f1amiento, canalizar o en su caso gestionar.<\/span><\/p>\n<p style=\"text-align: justify;\"><span>Generamos tambi\u00e9n informaci\u00f3n estad\u00edstica para la toma de decisiones, a partir de las acciones que realiza la Secretar\u00eda de Inclusi\u00f3n, derivada de las atenciones, gestiones, encuestas y reportes institucionales en los que participa el \u00c1rea de Atenci\u00f3n Ciudadana a Grupos en Situaci\u00f3n de Vulnerabilidad.<\/span><\/p>\n<p>[\/et_pb_text][\/et_pb_column][\/et_pb_row][\/et_pb_section][et_pb_section fb_built=\u00bb1&#8243; _builder_version=\u00bb4.27.4&#8243; _module_preset=\u00bbdefault\u00bb custom_margin=\u00bb0px||0px||true|false\u00bb custom_padding=\u00bb0px||||false|false\u00bb global_colors_info=\u00bb{}\u00bb][et_pb_row _builder_version=\u00bb4.27.4&#8243; _module_preset=\u00bbdefault\u00bb global_colors_info=\u00bb{}\u00bb][et_pb_column type=\u00bb4_4&#8243; _builder_version=\u00bb4.27.4&#8243; _module_preset=\u00bbdefault\u00bb global_colors_info=\u00bb{}\u00bb][wdcl_image_carousel nav_pagi=\u00bbpagi\u00bb slide_count=\u00bb1&#8243; slide_spacing=\u00bb0px\u00bb arrow_color=\u00bb#691C32&#8243; arrow_border_color=\u00bb#691C32&#8243; pagi_color=\u00bb#9F2241&#8243; pagi_color_active=\u00bb#691C32&#8243; _builder_version=\u00bb4.27.4&#8243; _module_preset=\u00bbdefault\u00bb animation_style=\u00bbfade\u00bb global_colors_info=\u00bb{}\u00bb][wdcl_image_carousel_child photo=\u00bbhttps:\/\/inclusion.campeche.gob.mx\/wp-content\/uploads\/2025\/05\/DSC_1089-scaled.jpg\u00bb _builder_version=\u00bb4.27.4&#8243; _module_preset=\u00bbdefault\u00bb global_colors_info=\u00bb{}\u00bb][\/wdcl_image_carousel_child][wdcl_image_carousel_child photo=\u00bbhttps:\/\/inclusion.campeche.gob.mx\/wp-content\/uploads\/2025\/05\/IMG_7880-scaled.jpg\u00bb _builder_version=\u00bb4.27.4&#8243; _module_preset=\u00bbdefault\u00bb global_colors_info=\u00bb{}\u00bb][\/wdcl_image_carousel_child][wdcl_image_carousel_child photo=\u00bbhttps:\/\/inclusion.campeche.gob.mx\/wp-content\/uploads\/2025\/05\/IMG_7885-scaled.jpg\u00bb _builder_version=\u00bb4.27.4&#8243; _module_preset=\u00bbdefault\u00bb global_colors_info=\u00bb{}\u00bb][\/wdcl_image_carousel_child][wdcl_image_carousel_child photo=\u00bbhttps:\/\/inclusion.campeche.gob.mx\/wp-content\/uploads\/2025\/05\/WhatsApp-Image-2025-05-14-at-3.05.32-PM.jpeg\u00bb _builder_version=\u00bb4.27.4&#8243; _module_preset=\u00bbdefault\u00bb global_colors_info=\u00bb{}\u00bb][\/wdcl_image_carousel_child][\/wdcl_image_carousel][\/et_pb_column][\/et_pb_row][\/et_pb_section]<\/p>\n","protected":false},"excerpt":{"rendered":"<p>Atenci\u00f3n al P\u00fablicoBrindamos acompa\u00f1amiento a las personas de nuestras poblaciones de atenci\u00f3n para la realizaci\u00f3n de tr\u00e1mites ante otras instituciones, asesor\u00eda jur\u00eddica, acompa\u00f1amiento psicol\u00f3gico y canalizaci\u00f3n de solicitudes. Atendemos y [&hellip;]<\/p>\n","protected":false},"author":3,"featured_media":0,"parent":0,"menu_order":0,"comment_status":"closed","ping_status":"closed","template":"","meta":{"_acf_changed":false,"_et_pb_use_builder":"on","_et_pb_old_content":"","_et_gb_content_width":"","inline_featured_image":false,"footnotes":""},"class_list":["post-1392","page","type-page","status-publish","hentry"],"acf":[],"_links":{"self":[{"href":"https:\/\/inclusion.campeche.gob.mx\/index.php?rest_route=\/wp\/v2\/pages\/1392","targetHints":{"allow":["GET"]}}],"collection":[{"href":"https:\/\/inclusion.campeche.gob.mx\/index.php?rest_route=\/wp\/v2\/pages"}],"about":[{"href":"https:\/\/inclusion.campeche.gob.mx\/index.php?rest_route=\/wp\/v2\/types\/page"}],"author":[{"embeddable":true,"href":"https:\/\/inclusion.campeche.gob.mx\/index.php?rest_route=\/wp\/v2\/users\/3"}],"replies":[{"embeddable":true,"href":"https:\/\/inclusion.campeche.gob.mx\/index.php?rest_route=%2Fwp%2Fv2%2Fcomments&post=1392"}],"version-history":[{"count":11,"href":"https:\/\/inclusion.campeche.gob.mx\/index.php?rest_route=\/wp\/v2\/pages\/1392\/revisions"}],"predecessor-version":[{"id":1837,"href":"https:\/\/inclusion.campeche.gob.mx\/index.php?rest_route=\/wp\/v2\/pages\/1392\/revisions\/1837"}],"wp:attachment":[{"href":"https:\/\/inclusion.campeche.gob.mx\/index.php?rest_route=%2Fwp%2Fv2%2Fmedia&parent=1392"}],"curies":[{"name":"wp","href":"https:\/\/api.w.org\/{rel}","templated":true}]}}