{"id":1377,"date":"2025-05-06T15:41:17","date_gmt":"2025-05-06T21:41:17","guid":{"rendered":"https:\/\/inclusion.campeche.gob.mx\/?page_id=1377"},"modified":"2025-06-12T15:41:22","modified_gmt":"2025-06-12T21:41:22","slug":"mision-y-vision","status":"publish","type":"page","link":"https:\/\/inclusion.campeche.gob.mx\/?page_id=1377","title":{"rendered":"Misi\u00f3n y Visi\u00f3n"},"content":{"rendered":"<p>[et_pb_section fb_built=\u00bb1&#8243; _builder_version=\u00bb4.27.4&#8243; _module_preset=\u00bbdefault\u00bb global_colors_info=\u00bb{}\u00bb][et_pb_row _builder_version=\u00bb4.27.4&#8243; _module_preset=\u00bbdefault\u00bb global_colors_info=\u00bb{}\u00bb column_structure=\u00bb1_2,1_2&#8243;][et_pb_column type=\u00bb1_2&#8243; _builder_version=\u00bb4.27.4&#8243; _module_preset=\u00bbdefault\u00bb global_colors_info=\u00bb{}\u00bb][et_pb_text _builder_version=\u00bb4.27.4&#8243; _module_preset=\u00bbdefault\u00bb header_2_text_color=\u00bb#691C32&#8243; header_2_font_size=\u00bb35px\u00bb global_colors_info=\u00bb{}\u00bb]<\/p>\n<h2 style=\"text-align: center;\">Misi\u00f3n<\/h2>\n<p>[\/et_pb_text][et_pb_divider _builder_version=\u00bb4.27.4&#8243; _module_preset=\u00bbdefault\u00bb global_colors_info=\u00bb{}\u00bb][\/et_pb_divider][et_pb_text _builder_version=\u00bb4.27.4&#8243; _module_preset=\u00bbdefault\u00bb text_text_color=\u00bb#53565A\u00bb text_font_size=\u00bb18px\u00bb global_colors_info=\u00bb{}\u00bb]<\/p>\n<p style=\"text-align: justify;\">Fortalecer la inclusi\u00f3n social en el Estado de Campeche, mediante la instrumentaci\u00f3n, coordinaci\u00f3n, supervisi\u00f3n y seguimiento, en t\u00e9rminos de ley y con los organismos competentes, para la atenci\u00f3n espec\u00edfica de los derechos y necesidades de las personas en situaci\u00f3n de vulnerabilidad conforme lo se\u00f1ala el Plan Estatal de Desarrollo 2024-2027.<\/p>\n<p>[\/et_pb_text][\/et_pb_column][et_pb_column type=\u00bb1_2&#8243; _builder_version=\u00bb4.27.4&#8243; _module_preset=\u00bbdefault\u00bb global_colors_info=\u00bb{}\u00bb][et_pb_text _builder_version=\u00bb4.27.4&#8243; _module_preset=\u00bbdefault\u00bb header_2_text_color=\u00bb#691C32&#8243; header_2_font_size=\u00bb35px\u00bb global_colors_info=\u00bb{}\u00bb]<\/p>\n<h2 style=\"text-align: center;\">Visi\u00f3n<\/h2>\n<p>[\/et_pb_text][et_pb_divider _builder_version=\u00bb4.27.4&#8243; _module_preset=\u00bbdefault\u00bb global_colors_info=\u00bb{}\u00bb][\/et_pb_divider][et_pb_text _builder_version=\u00bb4.27.4&#8243; _module_preset=\u00bbdefault\u00bb text_text_color=\u00bb#53565A\u00bb text_font_size=\u00bb18px\u00bb global_colors_info=\u00bb{}\u00bb]<\/p>\n<p style=\"text-align: justify;\">Consolidar en el Estado de Campeche la cultura de la no discriminaci\u00f3n y la igualdad de derechos y oportunidades, en un marco de respeto irrestricto a los Derechos Humanos establecidos en la Constituci\u00f3n Pol\u00edtica de los Estados Unidos Mexicanos y en la Constituci\u00f3n Pol\u00edtica del Estado de Campeche<\/p>\n<p>[\/et_pb_text][\/et_pb_column][\/et_pb_row][\/et_pb_section]<\/p>\n","protected":false},"excerpt":{"rendered":"<p>Misi\u00f3nFortalecer la inclusi\u00f3n social en el Estado de Campeche, mediante la instrumentaci\u00f3n, coordinaci\u00f3n, supervisi\u00f3n y seguimiento, en t\u00e9rminos de ley y con los organismos competentes, para la atenci\u00f3n espec\u00edfica de [&hellip;]<\/p>\n","protected":false},"author":3,"featured_media":0,"parent":0,"menu_order":0,"comment_status":"closed","ping_status":"closed","template":"","meta":{"_acf_changed":false,"_et_pb_use_builder":"on","_et_pb_old_content":"","_et_gb_content_width":"","inline_featured_image":false,"footnotes":""},"class_list":["post-1377","page","type-page","status-publish","hentry"],"acf":[],"_links":{"self":[{"href":"https:\/\/inclusion.campeche.gob.mx\/index.php?rest_route=\/wp\/v2\/pages\/1377","targetHints":{"allow":["GET"]}}],"collection":[{"href":"https:\/\/inclusion.campeche.gob.mx\/index.php?rest_route=\/wp\/v2\/pages"}],"about":[{"href":"https:\/\/inclusion.campeche.gob.mx\/index.php?rest_route=\/wp\/v2\/types\/page"}],"author":[{"embeddable":true,"href":"https:\/\/inclusion.campeche.gob.mx\/index.php?rest_route=\/wp\/v2\/users\/3"}],"replies":[{"embeddable":true,"href":"https:\/\/inclusion.campeche.gob.mx\/index.php?rest_route=%2Fwp%2Fv2%2Fcomments&post=1377"}],"version-history":[{"count":5,"href":"https:\/\/inclusion.campeche.gob.mx\/index.php?rest_route=\/wp\/v2\/pages\/1377\/revisions"}],"predecessor-version":[{"id":1838,"href":"https:\/\/inclusion.campeche.gob.mx\/index.php?rest_route=\/wp\/v2\/pages\/1377\/revisions\/1838"}],"wp:attachment":[{"href":"https:\/\/inclusion.campeche.gob.mx\/index.php?rest_route=%2Fwp%2Fv2%2Fmedia&parent=1377"}],"curies":[{"name":"wp","href":"https:\/\/api.w.org\/{rel}","templated":true}]}}